{"id":631,"date":"2020-11-19T09:13:57","date_gmt":"2020-11-19T08:13:57","guid":{"rendered":"https:\/\/wehostcostabrava.com\/plans\/"},"modified":"2024-02-03T20:11:20","modified_gmt":"2024-02-03T19:11:20","slug":"planes","status":"publish","type":"page","link":"https:\/\/propietarios.wehostcostabrava.com\/es\/planes\/","title":{"rendered":"Planes"},"content":{"rendered":"<section class=\"l-section wpb_row us_custom_43b50eb3 height_auto width_full\"><div class=\"l-section-h i-cf\"><div class=\"g-cols vc_row via_flex valign_top type_default stacking_default\"><div class=\"vc_col-sm-12 wpb_column vc_column_container\"><div class=\"vc_column-inner\"><div class=\"wpb_wrapper\"><div class=\"wpb_text_column us_custom_b5ff3bdf has_text_color\"><div class=\"wpb_wrapper\"><h2>PLANES WEHOST<\/h2>\n<\/div><\/div><div class=\"g-cols wpb_row via_flex valign_top type_default stacking_default\"><div class=\"vc_col-sm-1 wpb_column vc_column_container\"><div class=\"vc_column-inner us_custom_4edece6e\"><div class=\"wpb_wrapper\"><\/div><\/div><\/div><div class=\"vc_col-sm-4 wpb_column vc_column_container has_bg_color\"><div class=\"vc_column-inner us_custom_02289631\"><div class=\"wpb_wrapper\"><div class=\"wpb_text_column us_custom_b9312153 has_text_color\"><div class=\"wpb_wrapper\"><h1 style=\"text-align: center;\">1<\/h1>\n<p style=\"text-align: center;\"><strong><span style=\"font-size: 14pt;\">PLAN DIGITAL<\/span><\/strong><br \/>\n<span style=\"font-size: 12pt;\">Realizamos la comercializaci\u00f3n y distribuci\u00f3n online de tu apartamento. Tu te ocupas de la parte m\u00e1s bonita, recibir a los hu\u00e9spedes.<br \/>\n<\/span><\/p>\n<ul>\n<li><span style=\"font-size: 14pt;\">Gesti\u00f3n de perfiles<\/span><\/li>\n<li><span style=\"font-size: 14pt;\">Gesti\u00f3n din\u00e1mica de precios<\/span><\/li>\n<li><span style=\"font-size: 14pt;\">Comunicaci\u00f3n permanente y asesoramiento con el hu\u00e9sped para la reserva<\/span><\/li>\n<li><span style=\"font-size: 14pt;\">Acceso digital a datos de producci\u00f3n y reservas<br \/>\n<\/span><\/li>\n<\/ul>\n<\/div><\/div><\/div><\/div><\/div><div class=\"vc_col-sm-2 wpb_column vc_column_container\"><div class=\"vc_column-inner\"><div class=\"wpb_wrapper\"><\/div><\/div><\/div><div class=\"vc_col-sm-4 wpb_column vc_column_container has_bg_color\"><div class=\"vc_column-inner us_custom_cc6ba770\"><div class=\"wpb_wrapper\"><div class=\"wpb_text_column us_custom_b9312153 has_text_color\"><div class=\"wpb_wrapper\"><h1 style=\"text-align: center;\">2<\/h1>\n<p style=\"text-align: center;\"><strong><span style=\"font-size: 14pt;\">PLAN INTEGRAL<\/span><\/strong><br \/>\n<span style=\"font-size: 12pt;\">Nos ocupamos de todo para que tu solo tengas que pensar en como invertir tu dinero.<\/span><\/p>\n<ul>\n<li><span style=\"font-size: 14pt;\">Gesti\u00f3n de perfiles<\/span><\/li>\n<li><span style=\"font-size: 14pt;\">Gesti\u00f3n din\u00e1mica de precios<\/span><\/li>\n<li><span style=\"font-size: 14pt;\">Comunicaci\u00f3n permanente y asesoramiento con el hu\u00e9spede para la reserva<\/span><\/li>\n<li><span style=\"font-size: 14pt;\">Chek in \/ out<\/span><\/li>\n<li><span style=\"font-size: 14pt;\">Atenci\u00f3n personalizada durante la estancia + Comunicaci\u00f3n Pre Stay<br \/>\n<\/span><\/li>\n<li><span style=\"font-size: 14pt;\">Mantenimiento<\/span><\/li>\n<li><span style=\"font-size: 14pt;\">Renting de ropa de ba\u00f1o y camas<br \/>\n<\/span><\/li>\n<li><span style=\"font-size: 14pt;\">Comunicaci\u00f3n Post- stay<\/span><\/li>\n<li><span style=\"font-size: 14pt;\">Acceso digital a datos de producci\u00f3n y reservas<br \/>\n<\/span><\/li>\n<\/ul>\n<\/div><\/div><\/div><\/div><\/div><div class=\"vc_col-sm-1 wpb_column vc_column_container\"><div class=\"vc_column-inner\"><div class=\"wpb_wrapper\"><\/div><\/div><\/div><\/div><\/div><\/div><\/div><\/div><\/div><\/section><section class=\"l-section wpb_row us_custom_076049f9 height_small width_full\"><div class=\"l-section-h i-cf\"><div class=\"g-cols vc_row via_flex valign_top type_default stacking_default\"><div class=\"vc_col-sm-12 wpb_column vc_column_container\"><div class=\"vc_column-inner\"><div class=\"wpb_wrapper\"><div class=\"wpb_text_column us_custom_68f2f67f has_text_color\"><div class=\"wpb_wrapper\"><h3>\u00a1ME INTERESA! \u00bfNOS VEMOS?<\/h3>\n<\/div><\/div><div class=\"w-btn-wrapper align_center\"><a class=\"w-btn us-btn-style_1 us_custom_b4198c51\" title=\"Contacte\" href=\"https:\/\/propietarios.wehostcostabrava.com\/es\/contacto\/\"><span class=\"w-btn-label\">CONTACTA<\/span><\/a><\/div><\/div><\/div><\/div><\/div><\/div><\/section>\n","protected":false},"excerpt":{"rendered":"PLANES WEHOST 1 PLAN DIGITAL Realizamos la comercializaci\u00f3n y distribuci\u00f3n online de tu apartamento. Tu te ocupas de la parte m\u00e1s bonita, recibir a los hu\u00e9spedes. Gesti\u00f3n de perfiles Gesti\u00f3n din\u00e1mica de precios Comunicaci\u00f3n permanente y asesoramiento con el hu\u00e9sped para la reserva Acceso digital a datos de producci\u00f3n y reservas 2 PLAN INTEGRAL Nos...","protected":false},"author":1,"featured_media":0,"parent":0,"menu_order":0,"comment_status":"closed","ping_status":"closed","template":"","meta":{"footnotes":""},"acf":[],"yoast_head":"<!-- This site is optimized with the Yoast SEO Premium plugin v15.2.1 - https:\/\/yoast.com\/wordpress\/plugins\/seo\/ -->\n<title>Planes - Wehost Costa Brava<\/title>\n<meta name=\"robots\" content=\"index, follow, max-snippet:-1, max-image-preview:large, max-video-preview:-1\" \/>\n<link rel=\"canonical\" href=\"https:\/\/propietarios.wehostcostabrava.com\/es\/planes\/\" \/>\n<meta property=\"og:locale\" content=\"es_ES\" \/>\n<meta property=\"og:type\" content=\"article\" \/>\n<meta property=\"og:title\" content=\"Planes - Wehost Costa Brava\" \/>\n<meta property=\"og:url\" content=\"https:\/\/propietarios.wehostcostabrava.com\/es\/planes\/\" \/>\n<meta property=\"og:site_name\" content=\"Wehost Costa Brava\" \/>\n<meta property=\"article:modified_time\" content=\"2024-02-03T19:11:20+00:00\" \/>\n<meta name=\"twitter:card\" content=\"summary_large_image\" \/>\n<meta name=\"twitter:label1\" content=\"Escrito por\">\n\t<meta name=\"twitter:data1\" content=\"pw_wehost_us\">\n\t<meta name=\"twitter:label2\" content=\"Tiempo de lectura\">\n\t<meta name=\"twitter:data2\" content=\"2 minutos\">\n<script type=\"application\/ld+json\" class=\"yoast-schema-graph\">{\"@context\":\"https:\/\/schema.org\",\"@graph\":[{\"@type\":\"WebSite\",\"@id\":\"https:\/\/wehostcostabrava.com\/#website\",\"url\":\"https:\/\/wehostcostabrava.com\/\",\"name\":\"Wehost Costa Brava\",\"description\":\"\",\"potentialAction\":[{\"@type\":\"SearchAction\",\"target\":\"https:\/\/wehostcostabrava.com\/?s={search_term_string}\",\"query-input\":\"required name=search_term_string\"}],\"inLanguage\":\"es\"},{\"@type\":\"WebPage\",\"@id\":\"https:\/\/propietarios.wehostcostabrava.com\/es\/planes\/#webpage\",\"url\":\"https:\/\/propietarios.wehostcostabrava.com\/es\/planes\/\",\"name\":\"Planes - Wehost Costa Brava\",\"isPartOf\":{\"@id\":\"https:\/\/wehostcostabrava.com\/#website\"},\"datePublished\":\"2020-11-19T08:13:57+00:00\",\"dateModified\":\"2024-02-03T19:11:20+00:00\",\"inLanguage\":\"es\",\"potentialAction\":[{\"@type\":\"ReadAction\",\"target\":[\"https:\/\/propietarios.wehostcostabrava.com\/es\/planes\/\"]}]}]}<\/script>\n<!-- \/ Yoast SEO Premium plugin. -->","_links":{"self":[{"href":"https:\/\/propietarios.wehostcostabrava.com\/es\/wp-json\/wp\/v2\/pages\/631"}],"collection":[{"href":"https:\/\/propietarios.wehostcostabrava.com\/es\/wp-json\/wp\/v2\/pages"}],"about":[{"href":"https:\/\/propietarios.wehostcostabrava.com\/es\/wp-json\/wp\/v2\/types\/page"}],"author":[{"embeddable":true,"href":"https:\/\/propietarios.wehostcostabrava.com\/es\/wp-json\/wp\/v2\/users\/1"}],"replies":[{"embeddable":true,"href":"https:\/\/propietarios.wehostcostabrava.com\/es\/wp-json\/wp\/v2\/comments?post=631"}],"version-history":[{"count":19,"href":"https:\/\/propietarios.wehostcostabrava.com\/es\/wp-json\/wp\/v2\/pages\/631\/revisions"}],"predecessor-version":[{"id":1722,"href":"https:\/\/propietarios.wehostcostabrava.com\/es\/wp-json\/wp\/v2\/pages\/631\/revisions\/1722"}],"wp:attachment":[{"href":"https:\/\/propietarios.wehostcostabrava.com\/es\/wp-json\/wp\/v2\/media?parent=631"}],"curies":[{"name":"wp","href":"https:\/\/api.w.org\/{rel}","templated":true}]}}