{"id":572,"date":"2020-11-19T09:14:09","date_gmt":"2020-11-19T08:14:09","guid":{"rendered":"https:\/\/wehostcostabrava.com\/contacte\/"},"modified":"2024-02-03T20:22:09","modified_gmt":"2024-02-03T19:22:09","slug":"contacto","status":"publish","type":"page","link":"https:\/\/propietarios.wehostcostabrava.com\/es\/contacto\/","title":{"rendered":"Contacto"},"content":{"rendered":"<section class=\"l-section wpb_row height_medium\"><div class=\"l-section-h i-cf\"><div class=\"g-cols vc_row via_flex valign_top type_default stacking_default\"><div class=\"vc_col-sm-6 wpb_column vc_column_container\"><div class=\"vc_column-inner\"><div class=\"wpb_wrapper\"><div class=\"wpb_text_column us_custom_c07a6da9 has_text_color\"><div class=\"wpb_wrapper\"><p>Donde encontrarnos<\/p>\n<\/div><\/div><div class=\"w-map provider_google us_custom_3fe38039\" id=\"us_map_1\"><div class=\"w-map-inner\"><div class=\"w-map-json\" onclick='return {&quot;address&quot;:&quot;41.9176373, 3.1635664&quot;,&quot;disableDragging&quot;:0,&quot;disableZoom&quot;:0,&quot;hideControls&quot;:0,&quot;zoom&quot;:16,&quot;markers&quot;:[{&quot;address&quot;:&quot;41.9176373, 3.1635664&quot;,&quot;html&quot;:&quot;&lt;h6&gt;Wehost Costa Brava&lt;\\\/p&gt;&quot;,&quot;infowindow&quot;:0}],&quot;maptype&quot;:&quot;ROADMAP&quot;}'><\/div><\/div><\/div><div class=\"w-separator size_small\"><\/div><div class=\"w-iconbox iconpos_top style_default color_custom align_center no_title\"><div class=\"w-iconbox-icon\" style=\"font-size:30px;--icon-color:var(--color-content-secondary);\"><i class=\"far fa-home\"><\/i><\/div><div class=\"w-iconbox-meta\"><div class=\"w-iconbox-text\"><h6><span style=\"color: #2f9f8f;\">Wehost Costa Brava<\/span><\/h6>\n<p>Carrer dels Valls, 21<br \/>\n17200 Palafrugell<br \/>\nhola@wehostcostabrava.com<br \/>\nTel. 619 911 811<\/p>\n<\/div><\/div><\/div><div class=\"w-text us_custom_58b1af09 icon_atleft\"><a title=\"Servicio de WhatsApp\" target=\"_blank\" rel=\"nofollow\" href=\"https:\/\/api.whatsapp.com\/send?phone=+34619911811\" class=\"w-text-h\"><i class=\"fab fa-whatsapp\"><\/i><span class=\"w-text-value\">Whatsapp<\/span><\/a><\/div><\/div><\/div><\/div><div class=\"vc_col-sm-6 wpb_column vc_column_container\"><div class=\"vc_column-inner\"><div class=\"wpb_wrapper\"><div class=\"wpb_text_column us_custom_c07a6da9 has_text_color\"><div class=\"wpb_wrapper\"><p>\u00bfQuieres que te llamemos?<\/p>\n<\/div><\/div><form class=\"w-form  us_custom_0728b4ce layout_ver for_cform us_form_1\" autocomplete=\"off\" action=\"https:\/\/propietarios.wehostcostabrava.com\/es\/wp-json\/wp\/v2\/pages\/572\" method=\"post\"><div class=\"w-form-h\"><div class=\"w-form-row for_text required with_icon\">\r\n\t\t<div class=\"w-form-row-field\">\r\n\t\t\t\t<i class=\"fas fa-user\"><\/i>\t\t<input aria-label=\"Nombre y apellidos\" type=\"text\" name=\"us_form_1_text_1\" value placeholder=\"Nombre y apellidos *\" data-required=\"true\" aria-required=\"true\"\/>\r\n\t\t\t<\/div>\r\n\t\t<div class=\"w-form-row-state\">Rellena este campo<\/div>\r\n<\/div>\r\n<div class=\"w-form-row for_text required with_icon\">\r\n\t\t<div class=\"w-form-row-field\">\r\n\t\t\t\t<i class=\"fas fa-phone-alt\"><\/i>\t\t<input aria-label=\"Tel\u00e9fono\" type=\"text\" name=\"us_form_1_text_2\" value placeholder=\"Tel\u00e9fono *\" data-required=\"true\" aria-required=\"true\"\/>\r\n\t\t\t<\/div>\r\n\t\t<div class=\"w-form-row-state\">Rellena este campo<\/div>\r\n<\/div>\r\n<div class=\"w-form-row for_email required with_icon\">\r\n\t\t<div class=\"w-form-row-field\">\r\n\t\t\t\t<i class=\"fas fa-envelope\"><\/i>\t\t<input aria-label=\"Correo electr\u00f3nico\" type=\"email\" name=\"us_form_1_email_1\" value placeholder=\"Correo electr\u00f3nico *\" data-required=\"true\" aria-required=\"true\"\/>\r\n\t\t\t<\/div>\r\n\t\t<div class=\"w-form-row-state\">Por favor, introduce una direcci\u00f3n de correo electr\u00f3nico v\u00e1lida.<\/div>\r\n<\/div>\r\n<div class=\"w-form-row for_textarea required with_icon\">\r\n\t\t<div class=\"w-form-row-field\">\r\n\t\t\t\t<i class=\"fas fa-comment-lines\"><\/i>\t\t<textarea aria-label=\"Mensaje\" name=\"us_form_1_textarea_1\" placeholder=\"Mensaje *\" data-required=\"true\" aria-required=\"true\"><\/textarea>\r\n\t\t\t<\/div>\r\n\t\t<div class=\"w-form-row-state\">Rellena este campo<\/div>\r\n<\/div>\r\n<div class=\"w-form-row for_agreement required\">\r\n\t\t<div class=\"w-form-row-field\">\r\n\t\t\t\t<label>\r\n\t\t\t<input type=\"checkbox\" value=\"1\" data-required=\"true\" aria-required=\"true\" name=\"us_form_1_agreement_1\"\/>\r\n\t\t\t<span>Acepto el tratamiento de mis datos personales especificado en la Pol\u00edtica de privacidad y protecci\u00f3n de datos.<\/span>\r\n\t\t<\/label>\r\n\t\t\t<\/div>\r\n\t\t<div class=\"w-form-row-state\">Tienes que aprobar los t\u00e9rminos para continuar<\/div>\r\n<\/div>\r\n<input type=\"hidden\" name=\"action\" value=\"us_ajax_cform\" \/>\r\n<input type=\"hidden\" name=\"post_id\" value=\"0\" \/>\r\n<input type=\"hidden\" name=\"form_index\" value=\"1\" \/>\r\n<div class=\"w-form-row for_submit align_justify\">\r\n\t<button class=\"w-btn  us-btn-style_3\" aria-label=\"Enviar\" type=\"submit\">\r\n\t\t<span class=\"g-preloader type_1\"><\/span>\r\n\t\t\t\t<span class=\"w-btn-label\">Enviar<\/span>\r\n\t\t\t<\/button>\r\n\t<\/div>\r\n<\/div><div class=\"w-form-message\"><\/div><div class=\"w-form-json hidden\" onclick='return {&quot;ajaxurl&quot;:&quot;https:\\\/\\\/propietarios.wehostcostabrava.com\\\/wp-admin\\\/admin-ajax.php&quot;,&quot;messages&quot;:{&quot;err_empty&quot;:&quot;Rellena este campo&quot;,&quot;err_size&quot;:&quot;El tama\\u00f1o del archivo no puede exceder %s MB&quot;,&quot;err_extension&quot;:&quot;El tipo de archivo %s no est\\u00e1 permitido&quot;}}'><\/div><\/form><\/div><\/div><\/div><\/div><\/div><\/section>\n","protected":false},"excerpt":{"rendered":"Donde encontrarnos Wehost Costa Brava Carrer dels Valls, 21 17200 Palafrugell hola@wehostcostabrava.com Tel. 619 911 811 Whatsapp\u00bfQuieres que te llamemos? Rellena este campo Rellena este campo Por favor, introduce una direcci\u00f3n de correo electr\u00f3nico v\u00e1lida. Rellena este campo Acepto el tratamiento de mis datos personales especificado en la Pol\u00edtica de privacidad y protecci\u00f3n de datos....","protected":false},"author":1,"featured_media":0,"parent":0,"menu_order":0,"comment_status":"closed","ping_status":"closed","template":"","meta":{"footnotes":""},"acf":[],"yoast_head":"<!-- This site is optimized with the Yoast SEO Premium plugin v15.2.1 - https:\/\/yoast.com\/wordpress\/plugins\/seo\/ -->\n<title>Contacto - Wehost Costa Brava<\/title>\n<meta name=\"robots\" content=\"index, follow, max-snippet:-1, max-image-preview:large, max-video-preview:-1\" \/>\n<link rel=\"canonical\" href=\"https:\/\/propietarios.wehostcostabrava.com\/es\/contacto\/\" \/>\n<meta property=\"og:locale\" content=\"es_ES\" \/>\n<meta property=\"og:type\" content=\"article\" \/>\n<meta property=\"og:title\" content=\"Contacto - Wehost Costa Brava\" \/>\n<meta property=\"og:url\" content=\"https:\/\/propietarios.wehostcostabrava.com\/es\/contacto\/\" \/>\n<meta property=\"og:site_name\" content=\"Wehost Costa Brava\" \/>\n<meta property=\"article:modified_time\" content=\"2024-02-03T19:22:09+00:00\" \/>\n<meta name=\"twitter:card\" content=\"summary_large_image\" \/>\n<meta name=\"twitter:label1\" content=\"Escrito por\">\n\t<meta name=\"twitter:data1\" content=\"pw_wehost_us\">\n\t<meta name=\"twitter:label2\" content=\"Tiempo de lectura\">\n\t<meta name=\"twitter:data2\" content=\"2 minutos\">\n<script type=\"application\/ld+json\" class=\"yoast-schema-graph\">{\"@context\":\"https:\/\/schema.org\",\"@graph\":[{\"@type\":\"WebSite\",\"@id\":\"https:\/\/wehostcostabrava.com\/#website\",\"url\":\"https:\/\/wehostcostabrava.com\/\",\"name\":\"Wehost Costa Brava\",\"description\":\"\",\"potentialAction\":[{\"@type\":\"SearchAction\",\"target\":\"https:\/\/wehostcostabrava.com\/?s={search_term_string}\",\"query-input\":\"required name=search_term_string\"}],\"inLanguage\":\"es\"},{\"@type\":\"WebPage\",\"@id\":\"https:\/\/propietarios.wehostcostabrava.com\/es\/contacto\/#webpage\",\"url\":\"https:\/\/propietarios.wehostcostabrava.com\/es\/contacto\/\",\"name\":\"Contacto - Wehost Costa Brava\",\"isPartOf\":{\"@id\":\"https:\/\/wehostcostabrava.com\/#website\"},\"datePublished\":\"2020-11-19T08:14:09+00:00\",\"dateModified\":\"2024-02-03T19:22:09+00:00\",\"inLanguage\":\"es\",\"potentialAction\":[{\"@type\":\"ReadAction\",\"target\":[\"https:\/\/propietarios.wehostcostabrava.com\/es\/contacto\/\"]}]}]}<\/script>\n<!-- \/ Yoast SEO Premium plugin. -->","_links":{"self":[{"href":"https:\/\/propietarios.wehostcostabrava.com\/es\/wp-json\/wp\/v2\/pages\/572"}],"collection":[{"href":"https:\/\/propietarios.wehostcostabrava.com\/es\/wp-json\/wp\/v2\/pages"}],"about":[{"href":"https:\/\/propietarios.wehostcostabrava.com\/es\/wp-json\/wp\/v2\/types\/page"}],"author":[{"embeddable":true,"href":"https:\/\/propietarios.wehostcostabrava.com\/es\/wp-json\/wp\/v2\/users\/1"}],"replies":[{"embeddable":true,"href":"https:\/\/propietarios.wehostcostabrava.com\/es\/wp-json\/wp\/v2\/comments?post=572"}],"version-history":[{"count":62,"href":"https:\/\/propietarios.wehostcostabrava.com\/es\/wp-json\/wp\/v2\/pages\/572\/revisions"}],"predecessor-version":[{"id":1728,"href":"https:\/\/propietarios.wehostcostabrava.com\/es\/wp-json\/wp\/v2\/pages\/572\/revisions\/1728"}],"wp:attachment":[{"href":"https:\/\/propietarios.wehostcostabrava.com\/es\/wp-json\/wp\/v2\/media?parent=572"}],"curies":[{"name":"wp","href":"https:\/\/api.w.org\/{rel}","templated":true}]}}