{"id":462,"date":"2020-11-18T18:22:20","date_gmt":"2020-11-18T17:22:20","guid":{"rendered":"https:\/\/wehostcostabrava.com\/nosaltres\/"},"modified":"2024-02-03T20:11:44","modified_gmt":"2024-02-03T19:11:44","slug":"nosotros","status":"publish","type":"page","link":"https:\/\/propietarios.wehostcostabrava.com\/es\/nosotros\/","title":{"rendered":"Nosotros"},"content":{"rendered":"<section class=\"l-section wpb_row height_medium\"><div class=\"l-section-h i-cf\"><div class=\"g-cols vc_row via_flex valign_top type_default stacking_default\"><div class=\"vc_col-sm-12 wpb_column vc_column_container\"><div class=\"vc_column-inner\"><div class=\"wpb_wrapper\"><div class=\"wpb_text_column us_custom_2509bbe8 has_text_color\"><div class=\"wpb_wrapper\"><h3>NOSOTROS<\/h3>\n<\/div><\/div><div class=\"wpb_text_column us_custom_a6a009f7 has_text_color\"><div class=\"wpb_wrapper\"><p>Somos un equipo profesional joven y local del Empord\u00e0 y La Costa Brava. Enamorados de nuestra tierra y con vocaci\u00f3n de servicio y hospitalidad. Procedemos de diferentes sectores, con una larga trayectoria profesional en direcci\u00f3n de hoteles, gesti\u00f3n de activos inmobiliarios y gesti\u00f3n de datos y plataformas digitales.<\/p>\n<p>Nos agrupamos con la ilusi\u00f3n de dar un servicio diferente a aquellos propietarios que quieren obtener un m\u00e1ximo beneficio de sus inmuebles, aportando la mayor visibilidad de sus activos a un cliente de perfil internacional y gestionando tarifas din\u00e1micas en los mejores portales de distribuci\u00f3n digital.<\/p>\n<p>Entre nuestros valores, destacan la transparencia y la honestidad de la gesti\u00f3n de los inmuebles, compartiendo los resultados con los propietarios y gestionando para el mantenimiento \u00f3ptimo de sus activos. Nuestro compromiso es asegurar la satisfacci\u00f3n del cliente durante su estancia, para que nos recomiende y que repita la experiencia.<\/p>\n<\/div><\/div><\/div><\/div><\/div><\/div><\/div><\/section><section class=\"l-section wpb_row height_auto\"><div class=\"l-section-h i-cf\"><div class=\"g-cols vc_row via_flex valign_top type_default stacking_default\"><div class=\"vc_col-sm-12 wpb_column vc_column_container\"><div class=\"vc_column-inner\"><div class=\"wpb_wrapper\"><div class=\"w-image align_none\"><div class=\"w-image-h\"><img loading=\"lazy\" decoding=\"async\" width=\"1451\" height=\"1007\" src=\"https:\/\/propietarios.wehostcostabrava.com\/wp-content\/uploads\/2021\/01\/nosotros-1.jpg\" class=\"attachment-full size-full\" alt=\"\" srcset=\"https:\/\/propietarios.wehostcostabrava.com\/wp-content\/uploads\/2021\/01\/nosotros-1.jpg 1451w, https:\/\/propietarios.wehostcostabrava.com\/wp-content\/uploads\/2021\/01\/nosotros-1-300x208.jpg 300w, https:\/\/propietarios.wehostcostabrava.com\/wp-content\/uploads\/2021\/01\/nosotros-1-1024x711.jpg 1024w, https:\/\/propietarios.wehostcostabrava.com\/wp-content\/uploads\/2021\/01\/nosotros-1-240x167.jpg 240w, https:\/\/propietarios.wehostcostabrava.com\/wp-content\/uploads\/2021\/01\/nosotros-1-180x125.jpg 180w\" sizes=\"(max-width: 1451px) 100vw, 1451px\" \/><\/div><\/div><\/div><\/div><\/div><\/div><\/div><\/section><section class=\"l-section wpb_row height_medium\"><div class=\"l-section-h i-cf\"><div class=\"g-cols vc_row via_flex valign_top type_default stacking_default\"><div class=\"vc_col-sm-4 wpb_column vc_column_container\"><div class=\"vc_column-inner\"><div class=\"wpb_wrapper\"><div class=\"wpb_text_column us_custom_2509bbe8 has_text_color\"><div class=\"wpb_wrapper\"><h3>Jordi Maestro<\/h3>\n<p><a href=\"mailto:jordi@wehostapartments.com\">jordi@wehostapartments.com<\/a><\/p>\n<\/div><\/div><div class=\"wpb_text_column us_custom_eb849559\"><div class=\"wpb_wrapper\"><p>Responsable de la coordinaci\u00f3n de servicios y satisfacci\u00f3n de los hu\u00e9spedes<\/p>\n<p>Formaci\u00f3n en Turismo y direcci\u00f3n hotelera.<\/p>\n<p>Director de Hotel en establecimientos de cinco estrellas en Barcelona durante 15 a\u00f1os.<\/p>\n<\/div><\/div><\/div><\/div><\/div><div class=\"vc_col-sm-4 wpb_column vc_column_container\"><div class=\"vc_column-inner\"><div class=\"wpb_wrapper\"><div class=\"wpb_text_column us_custom_2509bbe8 has_text_color\"><div class=\"wpb_wrapper\"><h3>Momo Illueca<\/h3>\n<p><a href=\"mailto:momo@wehostaparments.com\">momo@wehostaparments.com<\/a><\/p>\n<\/div><\/div><div class=\"wpb_text_column us_custom_eb849559\"><div class=\"wpb_wrapper\"><p>Responsable de reservas l posicionamiento digital y estrategia de precios en los diferentes portales de distribuci\u00f3n.<\/p>\n<p>Formaci\u00f3n en Econ\u00f3micas.<\/p>\n<p>M\u00e1s de 10 a\u00f1os como directora de operaciones en empresa desarrollo digitales y an\u00e1lisis de datos.<\/p>\n<\/div><\/div><\/div><\/div><\/div><div class=\"vc_col-sm-4 wpb_column vc_column_container\"><div class=\"vc_column-inner\"><div class=\"wpb_wrapper\"><div class=\"wpb_text_column us_custom_2509bbe8 has_text_color\"><div class=\"wpb_wrapper\"><h3>Joan Presas<\/h3>\n<p><a href=\"mailto:joan@wehostcostabrava.com\">joan@wehostcostabrava.com<\/a><\/p>\n<\/div><\/div><div class=\"wpb_text_column\"><div class=\"wpb_wrapper\"><p>Responsable de captaci\u00f3n de nuevos clientes y contrataci\u00f3n de servicios<\/p>\n<p>Formaci\u00f3n en ADE y API.<\/p>\n<p>15 a\u00f1os de experiencia en el sector inmobiliario. Socio fundador de Finques Les Voltes.<\/p>\n<\/div><\/div><\/div><\/div><\/div><\/div><\/div><\/section><section class=\"l-section wpb_row us_custom_34336ff3 height_small width_full\"><div class=\"l-section-h i-cf\"><div class=\"g-cols vc_row via_flex valign_top type_default stacking_default\"><div class=\"vc_col-sm-12 wpb_column vc_column_container\"><div class=\"vc_column-inner\"><div class=\"wpb_wrapper\"><div class=\"wpb_text_column us_custom_68f2f67f has_text_color\"><div class=\"wpb_wrapper\"><h3>\u00a1ME INTERESA! \u00bfNOS VEMOS?<\/h3>\n<\/div><\/div><div class=\"w-btn-wrapper align_center\"><a class=\"w-btn us-btn-style_1 us_custom_b4198c51\" title=\"Contacte\" href=\"https:\/\/propietarios.wehostcostabrava.com\/es\/contacto\/\"><span class=\"w-btn-label\">CONTACTA<\/span><\/a><\/div><\/div><\/div><\/div><\/div><\/div><\/section>\n","protected":false},"excerpt":{"rendered":"NOSOTROS Somos un equipo profesional joven y local del Empord\u00e0 y La Costa Brava. Enamorados de nuestra tierra y con vocaci\u00f3n de servicio y hospitalidad. Procedemos de diferentes sectores, con una larga trayectoria profesional en direcci\u00f3n de hoteles, gesti\u00f3n de activos inmobiliarios y gesti\u00f3n de datos y plataformas digitales. Nos agrupamos con la ilusi\u00f3n de...","protected":false},"author":1,"featured_media":0,"parent":0,"menu_order":0,"comment_status":"closed","ping_status":"closed","template":"","meta":{"footnotes":""},"acf":[],"yoast_head":"<!-- This site is optimized with the Yoast SEO Premium plugin v15.2.1 - https:\/\/yoast.com\/wordpress\/plugins\/seo\/ -->\n<title>Nosotros - Wehost Costa Brava<\/title>\n<meta name=\"robots\" content=\"index, follow, max-snippet:-1, max-image-preview:large, max-video-preview:-1\" \/>\n<link rel=\"canonical\" href=\"https:\/\/propietarios.wehostcostabrava.com\/es\/nosotros\/\" \/>\n<meta property=\"og:locale\" content=\"es_ES\" \/>\n<meta property=\"og:type\" content=\"article\" \/>\n<meta property=\"og:title\" content=\"Nosotros - Wehost Costa Brava\" \/>\n<meta property=\"og:url\" content=\"https:\/\/propietarios.wehostcostabrava.com\/es\/nosotros\/\" \/>\n<meta property=\"og:site_name\" content=\"Wehost Costa Brava\" \/>\n<meta property=\"article:modified_time\" content=\"2024-02-03T19:11:44+00:00\" \/>\n<meta name=\"twitter:card\" content=\"summary_large_image\" \/>\n<meta name=\"twitter:label1\" content=\"Escrito por\">\n\t<meta name=\"twitter:data1\" content=\"pw_wehost_us\">\n\t<meta name=\"twitter:label2\" content=\"Tiempo de lectura\">\n\t<meta name=\"twitter:data2\" content=\"2 minutos\">\n<script type=\"application\/ld+json\" class=\"yoast-schema-graph\">{\"@context\":\"https:\/\/schema.org\",\"@graph\":[{\"@type\":\"WebSite\",\"@id\":\"https:\/\/wehostcostabrava.com\/#website\",\"url\":\"https:\/\/wehostcostabrava.com\/\",\"name\":\"Wehost Costa Brava\",\"description\":\"\",\"potentialAction\":[{\"@type\":\"SearchAction\",\"target\":\"https:\/\/wehostcostabrava.com\/?s={search_term_string}\",\"query-input\":\"required name=search_term_string\"}],\"inLanguage\":\"es\"},{\"@type\":\"WebPage\",\"@id\":\"https:\/\/propietarios.wehostcostabrava.com\/es\/nosotros\/#webpage\",\"url\":\"https:\/\/propietarios.wehostcostabrava.com\/es\/nosotros\/\",\"name\":\"Nosotros - Wehost Costa Brava\",\"isPartOf\":{\"@id\":\"https:\/\/wehostcostabrava.com\/#website\"},\"datePublished\":\"2020-11-18T17:22:20+00:00\",\"dateModified\":\"2024-02-03T19:11:44+00:00\",\"inLanguage\":\"es\",\"potentialAction\":[{\"@type\":\"ReadAction\",\"target\":[\"https:\/\/propietarios.wehostcostabrava.com\/es\/nosotros\/\"]}]}]}<\/script>\n<!-- \/ Yoast SEO Premium plugin. -->","_links":{"self":[{"href":"https:\/\/propietarios.wehostcostabrava.com\/es\/wp-json\/wp\/v2\/pages\/462"}],"collection":[{"href":"https:\/\/propietarios.wehostcostabrava.com\/es\/wp-json\/wp\/v2\/pages"}],"about":[{"href":"https:\/\/propietarios.wehostcostabrava.com\/es\/wp-json\/wp\/v2\/types\/page"}],"author":[{"embeddable":true,"href":"https:\/\/propietarios.wehostcostabrava.com\/es\/wp-json\/wp\/v2\/users\/1"}],"replies":[{"embeddable":true,"href":"https:\/\/propietarios.wehostcostabrava.com\/es\/wp-json\/wp\/v2\/comments?post=462"}],"version-history":[{"count":45,"href":"https:\/\/propietarios.wehostcostabrava.com\/es\/wp-json\/wp\/v2\/pages\/462\/revisions"}],"predecessor-version":[{"id":1723,"href":"https:\/\/propietarios.wehostcostabrava.com\/es\/wp-json\/wp\/v2\/pages\/462\/revisions\/1723"}],"wp:attachment":[{"href":"https:\/\/propietarios.wehostcostabrava.com\/es\/wp-json\/wp\/v2\/media?parent=462"}],"curies":[{"name":"wp","href":"https:\/\/api.w.org\/{rel}","templated":true}]}}